{"id":25,"date":"2023-12-20T15:23:04","date_gmt":"2023-12-20T12:23:04","guid":{"rendered":"http:\/\/kairos.com.tr\/?page_id=25"},"modified":"2023-12-20T15:23:04","modified_gmt":"2023-12-20T12:23:04","slug":"home","status":"publish","type":"page","link":"https:\/\/kairos.com.tr\/","title":{"rendered":"Home"},"content":{"rendered":"<section class=\"hts-section hts-hero\">\n    <div class=\"hts-hero-spacer\"><\/div>\n    <div class=\"hts-hero-content\">\n        <div class=\"hts-hero-image\">\n            <img decoding=\"async\" src=\"https:\/\/images.unsplash.com\/photo-1495364141860-b0d03eccd065?crop=entropy\" alt=\"background\" \/>\n        <\/div>\n        <div class=\"hts-hero-block\">\n            <div class=\"hts-hero-body\">\n                <div class=\"hts-hero-details\">\n                    <div>\n                        <h1>Kairos ile Zaman\u0131 Ke\u015ffedin<\/h1>\n                        <p>Kronolojik zaman\u0131n \u00f6tesine ge\u00e7erek, Kairos zaman\u0131nda ya\u015fad\u0131klar\u0131n\u0131z\u0131 ve hissettiklerinizi ke\u015ffedin. Kairos, size ne kadar yararl\u0131 oldu\u011funu da g\u00f6sterir.<\/p>\n                        <a href=\"https:\/\/kairos.com.tr\/?page_id=13\" class=\"btn primary\" >Read more<\/a>\n                    <\/div>\n                    <div class=\"hts-hero-body-image\">\n                        <img decoding=\"async\" src=\"https:\/\/images.unsplash.com\/photo-1495364141860-b0d03eccd065?crop=entropy\" alt=\"background\" \/>\n                    <\/div>\n                    <div class=\"hts-hero-footer\">\n                        <div class=\"hts-social\">\n                                                                                                                                        <\/div>\n                        <p class=\"hts-title\">Kronolojik zaman\u0131n \u00f6tesine ge\u00e7in<\/p>\n                    <\/div>\n                <\/div>\n            <\/div>\n        <\/div>\n    <\/div>\n<\/section><section class=\"hts-section hts-no-border hts-posts hts-featured-post-wrapper\">\n    <div>\n                <div class=\"hts-posts-header\">\n            <h2 class=\"hts-title\">Featured post<\/h2>\n        <\/div>\n                <div class=\"hts-featured-post\">\n            <!-- Post -->\n            <div class=\"hts-post\">\n                <div class=\"hts-image-wrapper\">\n                                        <a href=\"https:\/\/kairos.com.tr\/?p=14\" class=\"hts-featured-post-link\">\n                        <img decoding=\"async\" src=\"https:\/\/images.unsplash.com\/photo-1607544836724-0e9fcfabec59?crop=entropy\" title=\"Photo by Peter Jones\" alt=\"person holding purple book during daytime\">                    <\/a>\n                                        <span class=\"hts-unsplash-data\">Photo by <a href=\"https:\/\/unsplash.com\/@dailykairos?utm_source=hostinger&#038;utm_medium=referral\" rel=\"nofollow\">Peter Jones<\/a> on <a href=\"https:\/\/unsplash.com\/?utm_source=hostinger&#038;utm_medium=referral\" rel=\"nofollow\">Unsplash<\/a><\/span>                <\/div>\n                <div class=\"hts-post-details\">\n                    <div class=\"hts-posts-body-header\">\n                        <h2 class=\"hts-title\">Featured post<\/h2>\n                    <\/div>\n                    <div class=\"hts-capsules\">\n                                                                                                                        <a href=\"https:\/\/kairos.com.tr\/?cat=1\">\n                            <div>Blog<\/div>\n                        <\/a>\n                                                                                            <\/div>\n                                        <a href=\"https:\/\/kairos.com.tr\/?p=14\">\n                        <h3 class=\"hts-title\">Zaman\u0131n \u0130ki Farkl\u0131 Tan\u0131m\u0131: Kronos ve Kairos<\/h3>\n                    <\/a>\n                                                            <p class=\"small\">December 20, 2023 | by kairos.com.tr<\/p>\n                                    <\/div>\n            <\/div>\n        <\/div>\n    <\/div>\n<\/section><section class=\"hts-section hts-posts\">\n    <hr class=\"full\">\n    <div>\n        <div class=\"hts-posts-header\">\n            <h2 class=\"hts-title\">Latest posts<\/h2>\n            <a href=\"https:\/\/kairos.com.tr\/?page_id=18\" class=\"hts-posts-action\">\n                <p>View all<\/p>\n                <img decoding=\"async\" src=\"https:\/\/kairos.com.tr\/wp-content\/themes\/hostinger-blog\/build\/images\/icon-arrow-right.svg\" alt=\"view all\">\n            <\/a>\n        <\/div>\n        <div class=\"hts-posts-list\">\n                        <div class=\"hts-post hts-large\">\n                                <div class=\"hts-image-wrapper\">\n                                        <a href=\"https:\/\/kairos.com.tr\/?p=29\" class=\"hts-featured-post-link\">\n                        <img decoding=\"async\" src=\"https:\/\/images.unsplash.com\/photo-1526107134872-9d8fea584cde?crop=entropy\" title=\"Photo by Bart Christiaanse\" alt=\"ladybug on white flowers\">                    <\/a>\n                                        <span class=\"hts-unsplash-data\">Photo by <a href=\"https:\/\/unsplash.com\/@bartchristiaanse?utm_source=hostinger&#038;utm_medium=referral\" rel=\"nofollow\">Bart Christiaanse<\/a> on <a href=\"https:\/\/unsplash.com\/?utm_source=hostinger&#038;utm_medium=referral\" rel=\"nofollow\">Unsplash<\/a><\/span>                <\/div>\n                <div class=\"hts-post-details\">\n                    <div class=\"hts-capsules\">\n                                                                                                                        <a href=\"https:\/\/kairos.com.tr\/?cat=1\">\n                            <div>Blog<\/div>\n                        <\/a>\n                                                                                            <\/div>\n                    <a href=\"https:\/\/kairos.com.tr\/?p=29\">\n                        <h3 class=\"hts-title\">Zaman\u0131n \u0130ki Farkl\u0131 Tan\u0131m\u0131: Kronos ve Kairos<\/h3>\n                    <\/a>\n                                        <p class=\"small\">December 20, 2023 | by kairos.com.tr<\/p>\n                                    <\/div>\n            <\/div>\n                        <div class=\"hts-post \">\n                                <div class=\"hts-image-wrapper\">\n                                        <a href=\"https:\/\/kairos.com.tr\/?p=28\" class=\"hts-featured-post-link\">\n                        <img decoding=\"async\" src=\"https:\/\/kairos.com.tr\/wp-content\/themes\/hostinger-blog\/build\/images\/placeholder2.jpg\"\n                            alt=\"featured\">\n                    <\/a>\n                                                        <\/div>\n                <div class=\"hts-post-details\">\n                    <div class=\"hts-capsules\">\n                                                                                                                        <a href=\"https:\/\/kairos.com.tr\/?cat=1\">\n                            <div>Blog<\/div>\n                        <\/a>\n                                                                                            <\/div>\n                    <a href=\"https:\/\/kairos.com.tr\/?p=28\">\n                        <h3 class=\"hts-title\">Zaman\u0131n \u0130ki Farkl\u0131 Tan\u0131m\u0131: Kronos ve Kairos<\/h3>\n                    <\/a>\n                                        <p class=\"small\">December 20, 2023 | by kairos.com.tr<\/p>\n                                    <\/div>\n            <\/div>\n                        <div class=\"hts-post \">\n                                <div class=\"hts-image-wrapper\">\n                                        <a href=\"https:\/\/kairos.com.tr\/?p=14\" class=\"hts-featured-post-link\">\n                        <img decoding=\"async\" src=\"https:\/\/images.unsplash.com\/photo-1607544836724-0e9fcfabec59?crop=entropy\" title=\"Photo by Peter Jones\" alt=\"person holding purple book during daytime\">                    <\/a>\n                                        <span class=\"hts-unsplash-data\">Photo by <a href=\"https:\/\/unsplash.com\/@dailykairos?utm_source=hostinger&#038;utm_medium=referral\" rel=\"nofollow\">Peter Jones<\/a> on <a href=\"https:\/\/unsplash.com\/?utm_source=hostinger&#038;utm_medium=referral\" rel=\"nofollow\">Unsplash<\/a><\/span>                <\/div>\n                <div class=\"hts-post-details\">\n                    <div class=\"hts-capsules\">\n                                                                                                                        <a href=\"https:\/\/kairos.com.tr\/?cat=1\">\n                            <div>Blog<\/div>\n                        <\/a>\n                                                                                            <\/div>\n                    <a href=\"https:\/\/kairos.com.tr\/?p=14\">\n                        <h3 class=\"hts-title\">Zaman\u0131n \u0130ki Farkl\u0131 Tan\u0131m\u0131: Kronos ve Kairos<\/h3>\n                    <\/a>\n                                        <p class=\"small\">December 20, 2023 | by kairos.com.tr<\/p>\n                                    <\/div>\n            <\/div>\n                        <div class=\"hts-post \">\n                                <div class=\"hts-image-wrapper\">\n                                        <a href=\"https:\/\/kairos.com.tr\/?p=10\" class=\"hts-featured-post-link\">\n                        <img decoding=\"async\" src=\"https:\/\/images.unsplash.com\/photo-1526107134872-9d8fea584cde?crop=entropy\" title=\"Photo by Bart Christiaanse\" alt=\"ladybug on white flowers\">                    <\/a>\n                                        <span class=\"hts-unsplash-data\">Photo by <a href=\"https:\/\/unsplash.com\/@bartchristiaanse?utm_source=hostinger&#038;utm_medium=referral\" rel=\"nofollow\">Bart Christiaanse<\/a> on <a href=\"https:\/\/unsplash.com\/?utm_source=hostinger&#038;utm_medium=referral\" rel=\"nofollow\">Unsplash<\/a><\/span>                <\/div>\n                <div class=\"hts-post-details\">\n                    <div class=\"hts-capsules\">\n                                                                                                                        <a href=\"https:\/\/kairos.com.tr\/?cat=1\">\n                            <div>Blog<\/div>\n                        <\/a>\n                                                                                            <\/div>\n                    <a href=\"https:\/\/kairos.com.tr\/?p=10\">\n                        <h3 class=\"hts-title\">Zaman\u0131n \u0130ki Farkl\u0131 Tan\u0131m\u0131: Kronos ve Kairos<\/h3>\n                    <\/a>\n                                        <p class=\"small\">December 20, 2023 | by kairos.com.tr<\/p>\n                                    <\/div>\n            <\/div>\n                        <div class=\"hts-post \">\n                                <div class=\"hts-image-wrapper\">\n                                        <a href=\"https:\/\/kairos.com.tr\/?p=6\" class=\"hts-featured-post-link\">\n                        <img decoding=\"async\" src=\"https:\/\/images.unsplash.com\/photo-1526107134872-9d8fea584cde?crop=entropy\" title=\"Photo by Bart Christiaanse\" alt=\"ladybug on white flowers\">                    <\/a>\n                                        <span class=\"hts-unsplash-data\">Photo by <a href=\"https:\/\/unsplash.com\/@bartchristiaanse?utm_source=hostinger&#038;utm_medium=referral\" rel=\"nofollow\">Bart Christiaanse<\/a> on <a href=\"https:\/\/unsplash.com\/?utm_source=hostinger&#038;utm_medium=referral\" rel=\"nofollow\">Unsplash<\/a><\/span>                <\/div>\n                <div class=\"hts-post-details\">\n                    <div class=\"hts-capsules\">\n                                                                                                                        <a href=\"https:\/\/kairos.com.tr\/?cat=1\">\n                            <div>Blog<\/div>\n                        <\/a>\n                                                                                            <\/div>\n                    <a href=\"https:\/\/kairos.com.tr\/?p=6\">\n                        <h3 class=\"hts-title\">Kronolojik Zaman ve Kairos Zaman\u0131 Aras\u0131ndaki Fark<\/h3>\n                    <\/a>\n                                        <p class=\"small\">December 20, 2023 | by kairos.com.tr<\/p>\n                                    <\/div>\n            <\/div>\n                        <div class=\"hts-post hts-large\">\n                                <div class=\"hts-image-wrapper\">\n                                        <a href=\"https:\/\/kairos.com.tr\/?p=4\" class=\"hts-featured-post-link\">\n                        <img decoding=\"async\" src=\"https:\/\/images.unsplash.com\/photo-1526107134872-9d8fea584cde?crop=entropy\" title=\"Photo by Bart Christiaanse\" alt=\"ladybug on white flowers\">                    <\/a>\n                                        <span class=\"hts-unsplash-data\">Photo by <a href=\"https:\/\/unsplash.com\/@bartchristiaanse?utm_source=hostinger&#038;utm_medium=referral\" rel=\"nofollow\">Bart Christiaanse<\/a> on <a href=\"https:\/\/unsplash.com\/?utm_source=hostinger&#038;utm_medium=referral\" rel=\"nofollow\">Unsplash<\/a><\/span>                <\/div>\n                <div class=\"hts-post-details\">\n                    <div class=\"hts-capsules\">\n                                                                                                                        <a href=\"https:\/\/kairos.com.tr\/?cat=1\">\n                            <div>Blog<\/div>\n                        <\/a>\n                                                                                            <\/div>\n                    <a href=\"https:\/\/kairos.com.tr\/?p=4\">\n                        <h3 class=\"hts-title\">Kronos ve Kairos: Zaman\u0131n \u0130ki Farkl\u0131 Tan\u0131m\u0131<\/h3>\n                    <\/a>\n                                        <p class=\"small\">December 20, 2023 | by kairos.com.tr<\/p>\n                                    <\/div>\n            <\/div>\n                    <\/div>\n    <\/div>\n<\/section><section class=\"hts-section hts-newsletter\">\n\t<hr class=\"full\">\n\t<div class=\"wrapper\">\n\t<div>\n\t\t<h3 class=\"hts-title\">Newsletter<\/h3>\n\t\t<p>Subscribe to stay up-to-date with my latest creative projects, insights, and tips.<\/p>\n\t<\/div>\n\t<div class=\"hts-newsletter-block\">\n\t\t<form>\n\t\t\t<input type=\"hidden\" id=\"newsletter_nonce\" name=\"newsletter_nonce\" value=\"6b600af495\" \/><input type=\"hidden\" name=\"_wp_http_referer\" value=\"\/index.php?rest_route=%2Fwp%2Fv2%2Fpages%2F25\" \/>\t\t\t<label for=\"hts-newsletter-email\">Email<\/label>\n\t\t\t<input type=\"email\"\n\t\t\t       id=\"hts-newsletter-email\"\n\t\t\t       name=\"newsletter_email\"\n\t\t\t       placeholder=\"What\u2019s your email?\">\n\t\t\t<div class=\"validate-message\"><\/div>\n\t\t\t<div class=\"hts-privacy-agree\">\n\t\t\t\t<label class=\"hts-form-control\">\n\t\t\t\t<input type=\"checkbox\" id=\"privacy-policy-checkbox\" name=\"privacy_policy\" required>\n\t\t\t\t<\/label>\n\t\t\t\t<span>\n\t\t\t\t\tI consent to use of my email address for the purpose of receiving newsletters as described in <a href=\"\" target=\"_blank\">Privacy Policy<\/a>, which I have read. I may withdraw my consent at any time.\t\t\t\t<\/span>\n\t\t\t<\/div>\n\t\t\t<input type=\"submit\" class=\"btn primary\" value=\"Subscribe\"\/>\n\t\t<\/form>\n\t<\/div>\n\t<\/div>\n<\/section>","protected":false},"excerpt":{"rendered":"","protected":false},"author":1,"featured_media":0,"parent":0,"menu_order":0,"comment_status":"closed","ping_status":"closed","template":"","meta":{"om_disable_all_campaigns":false,"_monsterinsights_skip_tracking":false,"_monsterinsights_sitenote_active":false,"_monsterinsights_sitenote_note":"","_monsterinsights_sitenote_category":0,"footnotes":""},"class_list":["post-25","page","type-page","status-publish","hentry"],"aioseo_notices":[],"_links":{"self":[{"href":"https:\/\/kairos.com.tr\/index.php?rest_route=\/wp\/v2\/pages\/25","targetHints":{"allow":["GET"]}}],"collection":[{"href":"https:\/\/kairos.com.tr\/index.php?rest_route=\/wp\/v2\/pages"}],"about":[{"href":"https:\/\/kairos.com.tr\/index.php?rest_route=\/wp\/v2\/types\/page"}],"author":[{"embeddable":true,"href":"https:\/\/kairos.com.tr\/index.php?rest_route=\/wp\/v2\/users\/1"}],"replies":[{"embeddable":true,"href":"https:\/\/kairos.com.tr\/index.php?rest_route=%2Fwp%2Fv2%2Fcomments&post=25"}],"version-history":[{"count":0,"href":"https:\/\/kairos.com.tr\/index.php?rest_route=\/wp\/v2\/pages\/25\/revisions"}],"wp:attachment":[{"href":"https:\/\/kairos.com.tr\/index.php?rest_route=%2Fwp%2Fv2%2Fmedia&parent=25"}],"curies":[{"name":"wp","href":"https:\/\/api.w.org\/{rel}","templated":true}]}}